{"id":4908,"date":"2023-09-16T22:18:35","date_gmt":"2023-09-16T22:18:35","guid":{"rendered":"https:\/\/cronicasvinotinto.com\/?page_id=4908"},"modified":"2023-09-16T22:32:21","modified_gmt":"2023-09-16T22:32:21","slug":"politica-de-privacidad","status":"publish","type":"page","link":"https:\/\/cronicasvinotinto.com\/en\/politica-de-privacidad\/","title":{"rendered":"Pol\u00edtica de privacidad"},"content":{"rendered":"<div class=\"croni-antes-del-contenido_2\" id=\"croni-2204292616\"><script data-cfasync=\"false\" type=\"text\/javascript\" id=\"clever-core\"> \/* <![CDATA[ *\/ (function (document, window) { var a, c = document.createElement(\"script\"), f = window.frameElement; c.id = \"CleverCoreLoader83928\"; c.src = \"https:\/\/scripts.cleverwebserver.com\/28d9a805dec9ac74dac45d79386cb81d.js\"; c.async = !0; c.type = \"text\/javascript\"; c.setAttribute(\"data-target\", window.name || (f && f.getAttribute(\"id\"))); c.setAttribute(\"data-callback\", \"put-your-callback-function-here\"); c.setAttribute(\"data-callback-url-click\", \"put-your-click-macro-here\"); c.setAttribute(\"data-callback-url-view\", \"put-your-view-macro-here\"); try { a = parent.document.getElementsByTagName(\"script\")[0] || document.getElementsByTagName(\"script\")[0]; } catch (e) { a = !1; } a || (a = document.getElementsByTagName(\"head\")[0] || document.getElementsByTagName(\"body\")[0]); a.parentNode.insertBefore(c, a); })(document, window); \/* ]]> *\/ <\/script><\/div>\n<p>\u00daltima actualizaci\u00f3n: 16 de septiembre de 2023<\/p>\n\n\n\n<h2 class=\"wp-block-heading\">Introducci\u00f3n<\/h2>\n\n\n\n<p>En Cr\u00f3nicas Vinotinto, valoramos tu privacidad y nos comprometemos a proteger tus datos personales. Esta pol\u00edtica de privacidad tiene como objetivo informarte sobre c\u00f3mo recopilamos, utilizamos y protegemos la informaci\u00f3n que puedas proporcionarnos durante tu visita a nuestro sitio web.<\/p>\n\n\n\n<h2 class=\"wp-block-heading\">Informaci\u00f3n que Recopilamos<\/h2>\n\n\n\n<h3 class=\"wp-block-heading\">Informaci\u00f3n Personal<\/h3>\n\n\n\n<ul class=\"wp-block-list\">\n<li><strong>Nombre:<\/strong> Podemos recopilar tu nombre cuando te suscribes a nuestros boletines o participas en comentarios o formularios de contacto.<\/li>\n\n\n\n<li><strong>Direcci\u00f3n de Correo Electr\u00f3nico:<\/strong> Recopilamos tu direcci\u00f3n de correo electr\u00f3nico para enviarte actualizaciones y boletines informativos.<\/li>\n<\/ul>\n\n\n\n<h3 class=\"wp-block-heading\">Informaci\u00f3n Autom\u00e1tica<\/h3>\n\n\n\n<ul class=\"wp-block-list\">\n<li><strong>Direcci\u00f3n IP:<\/strong> Podemos recopilar tu direcci\u00f3n IP y otra informaci\u00f3n sobre tu dispositivo y actividad en nuestro sitio web a trav\u00e9s de herramientas de an\u00e1lisis web est\u00e1ndar, como Google Analytics.<\/li>\n\n\n\n<li><strong>Cookies:<\/strong> Utilizamos cookies y tecnolog\u00edas similares para mejorar tu experiencia en nuestro sitio y proporcionarte contenido personalizado.<\/li>\n<\/ul>\n\n\n\n<h2 class=\"wp-block-heading\">Uso de la Informaci\u00f3n<\/h2>\n\n\n\n<p>Utilizamos la informaci\u00f3n recopilada para los siguientes prop\u00f3sitos:<\/p>\n\n\n\n<ul class=\"wp-block-list\">\n<li>Enviarte boletines informativos y actualizaciones relacionadas con la selecci\u00f3n Nacional de Venezuela y las Eliminatorias para el Mundial 2026.<\/li>\n\n\n\n<li>Mejorar nuestro sitio web y personalizar tu experiencia.<\/li>\n\n\n\n<li>Comprender c\u00f3mo interact\u00faas con nuestro sitio para brindarte un contenido m\u00e1s relevante.<\/li>\n<\/ul>\n\n\n\n<h2 class=\"wp-block-heading\">Compartir Informaci\u00f3n<\/h2>\n\n\n\n<p>No compartiremos tu informaci\u00f3n personal con terceros sin tu consentimiento expreso, a menos que estemos legalmente obligados a hacerlo.<\/p>\n\n\n\n<h2 class=\"wp-block-heading\">Seguridad de la Informaci\u00f3n<\/h2>\n\n\n\n<p>Tomamos medidas razonables para proteger la informaci\u00f3n que recopilamos. Sin embargo, no podemos garantizar la seguridad absoluta de tus datos. Siempre existe un riesgo inherente en la transmisi\u00f3n de informaci\u00f3n por Internet.<\/p>\n\n\n\n<h2 class=\"wp-block-heading\">Tus Derechos<\/h2>\n\n\n\n<p>Tienes derecho a:<\/p>\n\n\n\n<ul class=\"wp-block-list\">\n<li>Acceder a la informaci\u00f3n personal que tenemos sobre ti.<\/li>\n\n\n\n<li>Corregir cualquier informaci\u00f3n inexacta.<\/li>\n\n\n\n<li>Retirar tu consentimiento en cualquier momento, cuando corresponda.<\/li>\n\n\n\n<li>Solicitar la eliminaci\u00f3n de tus datos personales.<\/li>\n<\/ul>\n\n\n\n<h2 class=\"wp-block-heading\">Cambios en esta Pol\u00edtica de Privacidad<\/h2>\n\n\n\n<p>Nos reservamos el derecho de actualizar esta pol\u00edtica en cualquier momento. Te recomendamos revisar esta p\u00e1gina peri\u00f3dicamente para estar informado sobre cualquier cambio.<\/p>\n\n\n\n<h2 class=\"wp-block-heading\">Contacto<\/h2>\n\n\n\n<p>Si tienes alguna pregunta o inquietud sobre nuestra pol\u00edtica de privacidad, no dudes en ponerte en contacto con nosotros a trav\u00e9s de la siguiente direcci\u00f3n de correo electr\u00f3nico: cronicasvinotinto@gmail.com.<\/p>","protected":false},"excerpt":{"rendered":"<p>\u00daltima actualizaci\u00f3n: 16 de septiembre de 2023 Introducci\u00f3n En Cr\u00f3nicas Vinotinto, valoramos tu privacidad y nos comprometemos a proteger tus datos personales. Esta pol\u00edtica de privacidad tiene como objetivo informarte sobre c\u00f3mo recopilamos, utilizamos y protegemos la informaci\u00f3n que puedas proporcionarnos durante tu visita a nuestro sitio web. Informaci\u00f3n que Recopilamos Informaci\u00f3n Personal Informaci\u00f3n Autom\u00e1tica [&hellip;]<\/p>","protected":false},"author":1,"featured_media":4910,"parent":0,"menu_order":0,"comment_status":"closed","ping_status":"closed","template":"","meta":{"content-type":"","footnotes":""},"ppma_author":[287],"class_list":["post-4908","page","type-page","status-publish","has-post-thumbnail"],"yoast_head":"<!-- This site is optimized with the Yoast SEO plugin v25.9 - https:\/\/yoast.com\/wordpress\/plugins\/seo\/ -->\n<title>Pol\u00edtica de privacidad - Cr\u00f3nicas Vinotinto<\/title>\n<meta name=\"robots\" content=\"index, follow, max-snippet:-1, max-image-preview:large, max-video-preview:-1\" \/>\n<link rel=\"canonical\" href=\"https:\/\/cronicasvinotinto.com\/en\/politica-de-privacidad\/\" \/>\n<meta property=\"og:locale\" content=\"en_US\" \/>\n<meta property=\"og:type\" content=\"article\" \/>\n<meta property=\"og:title\" content=\"Pol\u00edtica de privacidad - Cr\u00f3nicas Vinotinto\" \/>\n<meta property=\"og:description\" content=\"\u00daltima actualizaci\u00f3n: 16 de septiembre de 2023 Introducci\u00f3n En Cr\u00f3nicas Vinotinto, valoramos tu privacidad y nos comprometemos a proteger tus datos personales. Esta pol\u00edtica de privacidad tiene como objetivo informarte sobre c\u00f3mo recopilamos, utilizamos y protegemos la informaci\u00f3n que puedas proporcionarnos durante tu visita a nuestro sitio web. Informaci\u00f3n que Recopilamos Informaci\u00f3n Personal Informaci\u00f3n Autom\u00e1tica [&hellip;]\" \/>\n<meta property=\"og:url\" content=\"https:\/\/cronicasvinotinto.com\/en\/politica-de-privacidad\/\" \/>\n<meta property=\"og:site_name\" content=\"Cr\u00f3nicas Vinotinto\" \/>\n<meta property=\"article:modified_time\" content=\"2023-09-16T22:32:21+00:00\" \/>\n<meta property=\"og:image\" content=\"https:\/\/cronicasvinotinto.com\/wp-content\/uploads\/2023\/09\/Recurso-7.png\" \/>\n\t<meta property=\"og:image:width\" content=\"1024\" \/>\n\t<meta property=\"og:image:height\" content=\"317\" \/>\n\t<meta property=\"og:image:type\" content=\"image\/png\" \/>\n<meta name=\"twitter:card\" content=\"summary_large_image\" \/>\n<meta name=\"twitter:site\" content=\"@cronicasvinotin\" \/>\n<meta name=\"twitter:label1\" content=\"Est. reading time\" \/>\n\t<meta name=\"twitter:data1\" content=\"2 minutes\" \/>\n<script type=\"application\/ld+json\" class=\"yoast-schema-graph\">{\"@context\":\"https:\/\/schema.org\",\"@graph\":[{\"@type\":\"WebPage\",\"@id\":\"https:\/\/cronicasvinotinto.com\/politica-de-privacidad\/\",\"url\":\"https:\/\/cronicasvinotinto.com\/politica-de-privacidad\/\",\"name\":\"Pol\u00edtica de privacidad - Cr\u00f3nicas Vinotinto\",\"isPartOf\":{\"@id\":\"https:\/\/cronicasvinotinto.com\/#website\"},\"primaryImageOfPage\":{\"@id\":\"https:\/\/cronicasvinotinto.com\/politica-de-privacidad\/#primaryimage\"},\"image\":{\"@id\":\"https:\/\/cronicasvinotinto.com\/politica-de-privacidad\/#primaryimage\"},\"thumbnailUrl\":\"https:\/\/cronicasvinotinto.com\/wp-content\/uploads\/2023\/09\/Recurso-7.png\",\"datePublished\":\"2023-09-16T22:18:35+00:00\",\"dateModified\":\"2023-09-16T22:32:21+00:00\",\"breadcrumb\":{\"@id\":\"https:\/\/cronicasvinotinto.com\/politica-de-privacidad\/#breadcrumb\"},\"inLanguage\":\"en-US\",\"potentialAction\":[{\"@type\":\"ReadAction\",\"target\":[\"https:\/\/cronicasvinotinto.com\/politica-de-privacidad\/\"]}]},{\"@type\":\"ImageObject\",\"inLanguage\":\"en-US\",\"@id\":\"https:\/\/cronicasvinotinto.com\/politica-de-privacidad\/#primaryimage\",\"url\":\"https:\/\/cronicasvinotinto.com\/wp-content\/uploads\/2023\/09\/Recurso-7.png\",\"contentUrl\":\"https:\/\/cronicasvinotinto.com\/wp-content\/uploads\/2023\/09\/Recurso-7.png\",\"width\":1024,\"height\":317},{\"@type\":\"BreadcrumbList\",\"@id\":\"https:\/\/cronicasvinotinto.com\/politica-de-privacidad\/#breadcrumb\",\"itemListElement\":[{\"@type\":\"ListItem\",\"position\":1,\"name\":\"Portada\",\"item\":\"https:\/\/cronicasvinotinto.com\/\"},{\"@type\":\"ListItem\",\"position\":2,\"name\":\"Pol\u00edtica de privacidad\"}]},{\"@type\":\"WebSite\",\"@id\":\"https:\/\/cronicasvinotinto.com\/#website\",\"url\":\"https:\/\/cronicasvinotinto.com\/\",\"name\":\"Cr\u00f3nicas Vinotinto\",\"description\":\"Noticias, historias, opini\u00f3n y pasi\u00f3n por la Vinotinto en su camino hacia el Mundial.\",\"publisher\":{\"@id\":\"https:\/\/cronicasvinotinto.com\/#organization\"},\"potentialAction\":[{\"@type\":\"SearchAction\",\"target\":{\"@type\":\"EntryPoint\",\"urlTemplate\":\"https:\/\/cronicasvinotinto.com\/?s={search_term_string}\"},\"query-input\":{\"@type\":\"PropertyValueSpecification\",\"valueRequired\":true,\"valueName\":\"search_term_string\"}}],\"inLanguage\":\"en-US\"},{\"@type\":\"Organization\",\"@id\":\"https:\/\/cronicasvinotinto.com\/#organization\",\"name\":\"Cr\u00f3nicas Vinotinto\",\"url\":\"https:\/\/cronicasvinotinto.com\/\",\"logo\":{\"@type\":\"ImageObject\",\"inLanguage\":\"en-US\",\"@id\":\"https:\/\/cronicasvinotinto.com\/#\/schema\/logo\/image\/\",\"url\":\"https:\/\/cronicasvinotinto.com\/wp-content\/uploads\/2023\/09\/cronicasvinotinto_logo_dia-1.png\",\"contentUrl\":\"https:\/\/cronicasvinotinto.com\/wp-content\/uploads\/2023\/09\/cronicasvinotinto_logo_dia-1.png\",\"width\":601,\"height\":197,\"caption\":\"Cr\u00f3nicas Vinotinto\"},\"image\":{\"@id\":\"https:\/\/cronicasvinotinto.com\/#\/schema\/logo\/image\/\"},\"sameAs\":[\"https:\/\/x.com\/cronicasvinotin\"]}]}<\/script>\n<!-- \/ Yoast SEO plugin. -->","yoast_head_json":{"title":"Pol\u00edtica de privacidad - Cr\u00f3nicas Vinotinto","robots":{"index":"index","follow":"follow","max-snippet":"max-snippet:-1","max-image-preview":"max-image-preview:large","max-video-preview":"max-video-preview:-1"},"canonical":"https:\/\/cronicasvinotinto.com\/en\/politica-de-privacidad\/","og_locale":"en_US","og_type":"article","og_title":"Pol\u00edtica de privacidad - Cr\u00f3nicas Vinotinto","og_description":"\u00daltima actualizaci\u00f3n: 16 de septiembre de 2023 Introducci\u00f3n En Cr\u00f3nicas Vinotinto, valoramos tu privacidad y nos comprometemos a proteger tus datos personales. Esta pol\u00edtica de privacidad tiene como objetivo informarte sobre c\u00f3mo recopilamos, utilizamos y protegemos la informaci\u00f3n que puedas proporcionarnos durante tu visita a nuestro sitio web. Informaci\u00f3n que Recopilamos Informaci\u00f3n Personal Informaci\u00f3n Autom\u00e1tica [&hellip;]","og_url":"https:\/\/cronicasvinotinto.com\/en\/politica-de-privacidad\/","og_site_name":"Cr\u00f3nicas Vinotinto","article_modified_time":"2023-09-16T22:32:21+00:00","og_image":[{"width":1024,"height":317,"url":"https:\/\/cronicasvinotinto.com\/wp-content\/uploads\/2023\/09\/Recurso-7.png","type":"image\/png"}],"twitter_card":"summary_large_image","twitter_site":"@cronicasvinotin","twitter_misc":{"Est. reading time":"2 minutes"},"schema":{"@context":"https:\/\/schema.org","@graph":[{"@type":"WebPage","@id":"https:\/\/cronicasvinotinto.com\/politica-de-privacidad\/","url":"https:\/\/cronicasvinotinto.com\/politica-de-privacidad\/","name":"Pol\u00edtica de privacidad - Cr\u00f3nicas Vinotinto","isPartOf":{"@id":"https:\/\/cronicasvinotinto.com\/#website"},"primaryImageOfPage":{"@id":"https:\/\/cronicasvinotinto.com\/politica-de-privacidad\/#primaryimage"},"image":{"@id":"https:\/\/cronicasvinotinto.com\/politica-de-privacidad\/#primaryimage"},"thumbnailUrl":"https:\/\/cronicasvinotinto.com\/wp-content\/uploads\/2023\/09\/Recurso-7.png","datePublished":"2023-09-16T22:18:35+00:00","dateModified":"2023-09-16T22:32:21+00:00","breadcrumb":{"@id":"https:\/\/cronicasvinotinto.com\/politica-de-privacidad\/#breadcrumb"},"inLanguage":"en-US","potentialAction":[{"@type":"ReadAction","target":["https:\/\/cronicasvinotinto.com\/politica-de-privacidad\/"]}]},{"@type":"ImageObject","inLanguage":"en-US","@id":"https:\/\/cronicasvinotinto.com\/politica-de-privacidad\/#primaryimage","url":"https:\/\/cronicasvinotinto.com\/wp-content\/uploads\/2023\/09\/Recurso-7.png","contentUrl":"https:\/\/cronicasvinotinto.com\/wp-content\/uploads\/2023\/09\/Recurso-7.png","width":1024,"height":317},{"@type":"BreadcrumbList","@id":"https:\/\/cronicasvinotinto.com\/politica-de-privacidad\/#breadcrumb","itemListElement":[{"@type":"ListItem","position":1,"name":"Portada","item":"https:\/\/cronicasvinotinto.com\/"},{"@type":"ListItem","position":2,"name":"Pol\u00edtica de privacidad"}]},{"@type":"WebSite","@id":"https:\/\/cronicasvinotinto.com\/#website","url":"https:\/\/cronicasvinotinto.com\/","name":"Cr\u00f3nicas Vinotinto","description":"Noticias, historias, opini\u00f3n y pasi\u00f3n por la Vinotinto en su camino hacia el Mundial.","publisher":{"@id":"https:\/\/cronicasvinotinto.com\/#organization"},"potentialAction":[{"@type":"SearchAction","target":{"@type":"EntryPoint","urlTemplate":"https:\/\/cronicasvinotinto.com\/?s={search_term_string}"},"query-input":{"@type":"PropertyValueSpecification","valueRequired":true,"valueName":"search_term_string"}}],"inLanguage":"en-US"},{"@type":"Organization","@id":"https:\/\/cronicasvinotinto.com\/#organization","name":"Cr\u00f3nicas Vinotinto","url":"https:\/\/cronicasvinotinto.com\/","logo":{"@type":"ImageObject","inLanguage":"en-US","@id":"https:\/\/cronicasvinotinto.com\/#\/schema\/logo\/image\/","url":"https:\/\/cronicasvinotinto.com\/wp-content\/uploads\/2023\/09\/cronicasvinotinto_logo_dia-1.png","contentUrl":"https:\/\/cronicasvinotinto.com\/wp-content\/uploads\/2023\/09\/cronicasvinotinto_logo_dia-1.png","width":601,"height":197,"caption":"Cr\u00f3nicas Vinotinto"},"image":{"@id":"https:\/\/cronicasvinotinto.com\/#\/schema\/logo\/image\/"},"sameAs":["https:\/\/x.com\/cronicasvinotin"]}]}},"_links":{"self":[{"href":"https:\/\/cronicasvinotinto.com\/en\/wp-json\/wp\/v2\/pages\/4908","targetHints":{"allow":["GET"]}}],"collection":[{"href":"https:\/\/cronicasvinotinto.com\/en\/wp-json\/wp\/v2\/pages"}],"about":[{"href":"https:\/\/cronicasvinotinto.com\/en\/wp-json\/wp\/v2\/types\/page"}],"author":[{"embeddable":true,"href":"https:\/\/cronicasvinotinto.com\/en\/wp-json\/wp\/v2\/users\/1"}],"replies":[{"embeddable":true,"href":"https:\/\/cronicasvinotinto.com\/en\/wp-json\/wp\/v2\/comments?post=4908"}],"version-history":[{"count":1,"href":"https:\/\/cronicasvinotinto.com\/en\/wp-json\/wp\/v2\/pages\/4908\/revisions"}],"predecessor-version":[{"id":4909,"href":"https:\/\/cronicasvinotinto.com\/en\/wp-json\/wp\/v2\/pages\/4908\/revisions\/4909"}],"wp:featuredmedia":[{"embeddable":true,"href":"https:\/\/cronicasvinotinto.com\/en\/wp-json\/wp\/v2\/media\/4910"}],"wp:attachment":[{"href":"https:\/\/cronicasvinotinto.com\/en\/wp-json\/wp\/v2\/media?parent=4908"}],"wp:term":[{"taxonomy":"author","embeddable":true,"href":"https:\/\/cronicasvinotinto.com\/en\/wp-json\/wp\/v2\/ppma_author?post=4908"}],"curies":[{"name":"wp","href":"https:\/\/api.w.org\/{rel}","templated":true}]}}